{"id":7397,"date":"2025-05-13T08:28:44","date_gmt":"2025-05-13T08:28:44","guid":{"rendered":"https:\/\/noland.studio\/?page_id=7397"},"modified":"2025-05-13T08:32:45","modified_gmt":"2025-05-13T08:32:45","slug":"privacy-policy","status":"publish","type":"page","link":"https:\/\/noland.studio\/es\/privacy-policy\/","title":{"rendered":"pol\u00edtica de privacidad"},"content":{"rendered":"<div data-elementor-type=\"wp-page\" data-elementor-id=\"7397\" class=\"elementor elementor-7397\" data-elementor-post-type=\"page\">\n\t\t\t\t<div class=\"elementor-element elementor-element-480eddc7 e-flex e-con-boxed e-con e-parent\" data-id=\"480eddc7\" data-element_type=\"container\" data-e-type=\"container\">\n\t\t\t\t\t<div class=\"e-con-inner\">\n\t\t\t\t<div class=\"elementor-element elementor-element-187c5868 elementor-widget elementor-widget-text-editor\" data-id=\"187c5868\" data-element_type=\"widget\" data-e-type=\"widget\" data-widget_type=\"text-editor.default\">\n\t\t\t\t<div class=\"elementor-widget-container\">\n\t\t\t\t\t\t\t\t\t<h1><span style=\"font-weight: 400;\">Pol\u00edtica de privacidad de Noland Studio<\/span><\/h1><p><span style=\"font-weight: 400;\">En Noland Studio, accesible desde <a href=\"https:\/\/noland.studio\/es\/\">https:\/\/www.noland.studio<\/a>, Una de nuestras principales prioridades es la privacidad de nuestros visitantes. Esta Pol\u00edtica de Privacidad contiene los tipos de informaci\u00f3n que Noland Studio recopila y registra, as\u00ed como su uso.<\/span><\/p><p><span style=\"font-weight: 400;\">Si tiene preguntas adicionales o necesita m\u00e1s informaci\u00f3n sobre nuestra Pol\u00edtica de privacidad, no dude en contactarnos.<\/span><\/p><p>Esta Pol\u00edtica de Privacidad se aplica \u00fanicamente a nuestras actividades en l\u00ednea y es v\u00e1lida con respecto a la informaci\u00f3n que Noland Studio comparte o recopila. Nuestra Pol\u00edtica de Privacidad se cre\u00f3 con la ayuda del Generador de Pol\u00edticas de Privacidad de <a href=\"http:\/\/cookiepolicygenerator.com\/\">Generador de pol\u00edticas de cookies.com<\/a>.<\/p><p><strong>Consentir<\/strong><\/p><p><span style=\"font-weight: 400;\">Al utilizar nuestro sitio web, usted acepta nuestra Pol\u00edtica de privacidad y sus t\u00e9rminos.<\/span><\/p><p><strong>Informaci\u00f3n que recopilamos<\/strong><\/p><p><span style=\"font-weight: 400;\">La informaci\u00f3n personal que se le solicita que proporcione, y los motivos por los cuales se le solicita que la proporcione, se le aclarar\u00e1n en el momento en que le solicitemos que proporcione su informaci\u00f3n personal.<\/span><\/p><p><span style=\"font-weight: 400;\">Si se comunica con nosotros directamente, es posible que recibamos informaci\u00f3n adicional sobre usted, como su nombre, direcci\u00f3n de correo electr\u00f3nico, n\u00famero de tel\u00e9fono, el contenido del mensaje y\/o archivos adjuntos que pueda enviarnos y cualquier otra informaci\u00f3n que elija proporcionar.<\/span><\/p><p><span style=\"font-weight: 400;\">Cuando usted se registra para una Cuenta, podemos solicitarle su informaci\u00f3n de contacto, incluidos elementos como nombre, nombre de la empresa, direcci\u00f3n, direcci\u00f3n de correo electr\u00f3nico y n\u00famero de tel\u00e9fono.<\/span><\/p><p><strong>C\u00f3mo usamos su informaci\u00f3n<\/strong><\/p><p><span style=\"font-weight: 400;\">Utilizamos la informaci\u00f3n que recopilamos de diversas maneras, incluso para:<\/span><\/p><p><span style=\"font-weight: 400;\">\u2212 Proporcionar, operar y mantener nuestro sitio web<\/span><\/p><p><span style=\"font-weight: 400;\">\u2212 Mejorar, personalizar y ampliar nuestro sitio web<\/span><\/p><p><span style=\"font-weight: 400;\">\u2212 Comprender y analizar c\u00f3mo utiliza nuestro sitio web<\/span><\/p><p><span style=\"font-weight: 400;\">\u2212 Desarrollar nuevos productos, servicios, caracter\u00edsticas y funcionalidades<\/span><\/p><p><span style=\"font-weight: 400;\">\u2212 Comunicarnos con usted, ya sea directamente o a trav\u00e9s de uno de nuestros socios, incluso para servicio al cliente, para brindarle actualizaciones y otra informaci\u00f3n relacionada con el sitio web, y para fines de marketing y promoci\u00f3n.<\/span><\/p><p><span style=\"font-weight: 400;\">\u2212 Enviarle correos electr\u00f3nicos<\/span><\/p><p><span style=\"font-weight: 400;\">\u2212 Detectar y prevenir el fraude<\/span><\/p><p><strong>Archivos de registro<\/strong><\/p><p><span style=\"font-weight: 400;\">Noland Studio sigue un procedimiento est\u00e1ndar de uso de archivos de registro. Estos archivos registran a los visitantes cuando visitan sitios web. Todas las empresas de alojamiento web lo hacen como parte de las anal\u00edticas de sus servicios. La informaci\u00f3n recopilada por los archivos de registro incluye direcciones IP, tipo de navegador, proveedor de servicios de internet (ISP), fecha y hora, p\u00e1ginas de referencia\/salida y, posiblemente, el n\u00famero de clics. Estos datos no est\u00e1n vinculados a ninguna informaci\u00f3n de identificaci\u00f3n personal. El prop\u00f3sito de la informaci\u00f3n es analizar tendencias, administrar el sitio web, rastrear los movimientos de los usuarios en el sitio web y recopilar informaci\u00f3n demogr\u00e1fica.<\/span><\/p><p><strong>Cookies y balizas web<\/strong><\/p><p><span style=\"font-weight: 400;\">Como cualquier otro sitio web, Noland Studio utiliza cookies. Estas cookies se utilizan para almacenar informaci\u00f3n, como las preferencias de los visitantes y las p\u00e1ginas del sitio web que accedieron o visitaron. Esta informaci\u00f3n se utiliza para optimizar la experiencia del usuario personalizando el contenido de nuestra p\u00e1gina web seg\u00fan el tipo de navegador del visitante y\/u otra informaci\u00f3n.<\/span><\/p><p><span style=\"font-weight: 400;\">Para obtener informaci\u00f3n m\u00e1s general sobre las cookies, lea <a href=\"https:\/\/www.generateprivacypolicy.com\/#cookies\">\u201cArt\u00edculo sobre cookies del Generador de Pol\u00edticas de Privacidad<\/a>.<\/span><\/p><p><strong>Pol\u00edticas de privacidad de los socios publicitarios<\/strong><\/p><p><span style=\"font-weight: 400;\">Puede consultar esta lista para encontrar la Pol\u00edtica de Privacidad de cada uno de los socios publicitarios de Noland Studio.<\/span><\/p><p><span style=\"font-weight: 400;\">Los servidores o redes publicitarias de terceros utilizan tecnolog\u00edas como cookies, JavaScript o balizas web en sus respectivos anuncios y enlaces que aparecen en Noland Studio y que se env\u00edan directamente al navegador del usuario. Reciben autom\u00e1ticamente su direcci\u00f3n IP cuando esto ocurre. Estas tecnolog\u00edas se utilizan para medir la eficacia de sus campa\u00f1as publicitarias o para personalizar el contenido publicitario que ve en los sitios web que visita.<\/span><\/p><p><span style=\"font-weight: 400;\">Tenga en cuenta que Noland Studio no tiene acceso ni control sobre estas cookies que utilizan los anunciantes de terceros.<\/span><\/p><p><strong>Pol\u00edticas de privacidad de terceros<\/strong><\/p><p><span style=\"font-weight: 400;\">La Pol\u00edtica de Privacidad de Noland Studio no se aplica a otros anunciantes ni sitios web. Por lo tanto, le recomendamos consultar las Pol\u00edticas de Privacidad de estos servidores de anuncios externos para obtener informaci\u00f3n m\u00e1s detallada. Estas pueden incluir sus pr\u00e1cticas e instrucciones sobre c\u00f3mo desactivar ciertas opciones.<\/span><\/p><p><span style=\"font-weight: 400;\">Puede desactivar las cookies a trav\u00e9s de las opciones de su navegador. Para obtener informaci\u00f3n m\u00e1s detallada sobre la gesti\u00f3n de cookies en cada navegador, consulte los sitios web de cada uno.<\/span><\/p><p><strong>Procesadores de terceros<\/strong><\/p><p>Nuestros socios y proveedores de servicios cuidadosamente seleccionados pueden procesar informaci\u00f3n personal sobre usted en nuestro nombre como se describe a continuaci\u00f3n:<\/p><p><strong>Proveedores de servicios de marketing digital<\/strong><\/p><p>Peri\u00f3dicamente designamos agentes de marketing digital para que realicen actividades de marketing en nuestro nombre. Dichas actividades pueden implicar el procesamiento de informaci\u00f3n personal conforme a las normativas. Nuestros encargados del tratamiento de datos designados incluyen:<\/p><p>(i) Prospect Global Ltd (que opera como Sopro), empresa registrada en el Reino Unido con el n\u00famero 09648733. Puede contactar con Sopro y consultar su pol\u00edtica de privacidad aqu\u00ed:\u00a0<a style=\"color: #0563c1; text-decoration-line: underline;\" href=\"http:\/\/sopro.io\/\">http:\/\/sopro.io<\/a>. Sopro est\u00e1 registrada en la ICO Reg: ZA346877. Puede contactar con su responsable de protecci\u00f3n de datos por correo electr\u00f3nico a:\u00a0<a style=\"color: #0563c1; text-decoration-line: underline;\" href=\"mailto:dpo@sopro.io\">dpo@sopro.io<\/a>.<\/p><p><span style=\"font-weight: 400;\">\u00a0<\/span><\/p><p><strong>Derechos de privacidad de la CCPA (No vender mi informaci\u00f3n personal)<\/strong><\/p><p><span style=\"font-weight: 400;\">Seg\u00fan la CCPA, entre otros derechos, los consumidores de California tienen derecho a:<\/span><\/p><p><span style=\"font-weight: 400;\">Solicitar que una empresa que recopila datos personales de un consumidor divulgue las categor\u00edas y los datos personales espec\u00edficos que una empresa ha recopilado sobre los consumidores.<\/span><\/p><p><span style=\"font-weight: 400;\">Solicitar que una empresa elimine cualquier dato personal sobre el consumidor que haya recopilado.<\/span><\/p><p><span style=\"font-weight: 400;\">Solicitar que una empresa que vende datos personales de un consumidor, no venda los datos personales de dicho consumidor.<\/span><\/p><p><span style=\"font-weight: 400;\">Si realiza una solicitud, tenemos un mes para responderle. Si desea ejercer alguno de estos derechos, p\u00f3ngase en contacto con nosotros.<\/span><\/p><p><strong>Derechos de protecci\u00f3n de datos del RGPD<\/strong><\/p><p><span style=\"font-weight: 400;\">Queremos asegurarnos de que conozca plenamente sus derechos en materia de protecci\u00f3n de datos. Todo usuario tiene derecho a lo siguiente:<\/span><\/p><p><span style=\"font-weight: 400;\">Derecho de acceso: Tiene derecho a solicitar copias de sus datos personales. Podr\u00edamos cobrarle una peque\u00f1a tarifa por este servicio.<\/span><\/p><p><span style=\"font-weight: 400;\">Derecho de rectificaci\u00f3n: Tiene derecho a solicitar que corrijamos cualquier informaci\u00f3n que considere inexacta. Tambi\u00e9n tiene derecho a solicitar que completemos la informaci\u00f3n que considere incompleta.<\/span><\/p><p><span style=\"font-weight: 400;\">El derecho al borrado: usted tiene derecho a solicitar que borremos sus datos personales, bajo ciertas condiciones.<\/span><\/p><p><span style=\"font-weight: 400;\">El derecho a restringir el procesamiento: usted tiene derecho a solicitar que restrinjamos el procesamiento de sus datos personales, bajo ciertas condiciones.<\/span><\/p><p><span style=\"font-weight: 400;\">El derecho a oponerse al procesamiento: usted tiene derecho a oponerse a que procesemos sus datos personales, bajo ciertas condiciones.<\/span><\/p><p><span style=\"font-weight: 400;\">El derecho a la portabilidad de datos: usted tiene derecho a solicitar que transfiramos los datos que hemos recopilado a otra organizaci\u00f3n o directamente a usted, bajo ciertas condiciones.<\/span><\/p><p><span style=\"font-weight: 400;\">Si realiza una solicitud, tenemos un mes para responderle. Si desea ejercer alguno de estos derechos, por favor... <a href=\"https:\/\/noland.studio\/es\/contact\/\">Cont\u00e1ctanos<\/a>.<\/span><\/p><p><strong>Informaci\u00f3n para ni\u00f1os<\/strong><\/p><p><span style=\"font-weight: 400;\">Otra parte de nuestra prioridad es brindar protecci\u00f3n a los ni\u00f1os mientras usan internet. Animamos a los padres y tutores a observar, participar, supervisar y guiar su actividad en l\u00ednea.<\/span><\/p><p><span style=\"font-weight: 400;\">Noland Studio no recopila intencionalmente informaci\u00f3n personal identificable de ni\u00f1os menores de 13 a\u00f1os. Si cree que su hijo proporcion\u00f3 este tipo de informaci\u00f3n en nuestro sitio web, le recomendamos encarecidamente que se comunique con nosotros de inmediato y haremos todo lo posible para eliminar dicha informaci\u00f3n de nuestros registros lo antes posible.<\/span><\/p>\t\t\t\t\t\t\t\t<\/div>\n\t\t\t\t<\/div>\n\t\t\t\t\t<\/div>\n\t\t\t\t<\/div>\n\t\t\t\t<\/div>","protected":false},"excerpt":{"rendered":"<p>Privacy Policy for Noland Studio At Noland Studio, accessible from https:\/\/www.noland.studio, one of our main priorities is the privacy of our visitors. This Privacy Policy document contains types of information that is collected and recorded by Noland Studio and how we use it. If you have additional questions or require more information about our Privacy [&hellip;]<\/p>","protected":false},"author":1,"featured_media":0,"parent":0,"menu_order":10,"comment_status":"closed","ping_status":"closed","template":"","meta":{"_acf_changed":false,"footnotes":""},"class_list":["post-7397","page","type-page","status-publish","hentry"],"acf":[],"_links":{"self":[{"href":"https:\/\/noland.studio\/es\/wp-json\/wp\/v2\/pages\/7397","targetHints":{"allow":["GET"]}}],"collection":[{"href":"https:\/\/noland.studio\/es\/wp-json\/wp\/v2\/pages"}],"about":[{"href":"https:\/\/noland.studio\/es\/wp-json\/wp\/v2\/types\/page"}],"author":[{"embeddable":true,"href":"https:\/\/noland.studio\/es\/wp-json\/wp\/v2\/users\/1"}],"replies":[{"embeddable":true,"href":"https:\/\/noland.studio\/es\/wp-json\/wp\/v2\/comments?post=7397"}],"version-history":[{"count":6,"href":"https:\/\/noland.studio\/es\/wp-json\/wp\/v2\/pages\/7397\/revisions"}],"predecessor-version":[{"id":7404,"href":"https:\/\/noland.studio\/es\/wp-json\/wp\/v2\/pages\/7397\/revisions\/7404"}],"wp:attachment":[{"href":"https:\/\/noland.studio\/es\/wp-json\/wp\/v2\/media?parent=7397"}],"curies":[{"name":"wp","href":"https:\/\/api.w.org\/{rel}","templated":true}]}}