{"id":7405,"date":"2025-05-13T08:33:16","date_gmt":"2025-05-13T08:33:16","guid":{"rendered":"https:\/\/noland.studio\/?page_id=7405"},"modified":"2025-05-13T08:33:49","modified_gmt":"2025-05-13T08:33:49","slug":"cookie-policy","status":"publish","type":"page","link":"https:\/\/noland.studio\/es\/cookie-policy\/","title":{"rendered":"Pol\u00edtica de cookies"},"content":{"rendered":"<div data-elementor-type=\"wp-page\" data-elementor-id=\"7405\" class=\"elementor elementor-7405\" data-elementor-post-type=\"page\">\n\t\t\t\t<div class=\"elementor-element elementor-element-480eddc7 e-flex e-con-boxed e-con e-parent\" data-id=\"480eddc7\" data-element_type=\"container\" data-e-type=\"container\">\n\t\t\t\t\t<div class=\"e-con-inner\">\n\t\t\t\t<div class=\"elementor-element elementor-element-187c5868 elementor-widget elementor-widget-text-editor\" data-id=\"187c5868\" data-element_type=\"widget\" data-e-type=\"widget\" data-widget_type=\"text-editor.default\">\n\t\t\t\t<div class=\"elementor-widget-container\">\n\t\t\t\t\t\t\t\t\t<h1>Pol\u00edtica de cookies de Noland Studio<\/h1><p>\u00a0<\/p><p><strong>\u00bfQu\u00e9 son las cookies?<\/strong><\/p><p>Como es habitual en casi todos los sitios web profesionales, este sitio utiliza cookies, que son peque\u00f1os archivos que se descargan en su ordenador, para mejorar su experiencia. Esta p\u00e1gina describe qu\u00e9 informaci\u00f3n recopilan, c\u00f3mo la utilizamos y por qu\u00e9 a veces necesitamos almacenar estas cookies. Tambi\u00e9n le explicaremos c\u00f3mo puede evitar que se almacenen estas cookies; sin embargo, esto podr\u00eda reducir o interrumpir la funcionalidad de ciertos elementos del sitio.<\/p><p>\u00a0<\/p><p><strong>C\u00f3mo utilizamos las cookies<\/strong><\/p><p>Utilizamos cookies por diversas razones que se detallan a continuaci\u00f3n. Lamentablemente, en la mayor\u00eda de los casos, no existen opciones est\u00e1ndar en la industria para deshabilitar las cookies sin desactivar por completo la funcionalidad y las caracter\u00edsticas que a\u00f1aden a este sitio. Se recomienda dejar activadas todas las cookies si no est\u00e1 seguro de si las necesita o no, en caso de que se utilicen para prestar un servicio que utiliza.<\/p><p>\u00a0<\/p><p><strong>Desactivaci\u00f3n de cookies<\/strong><\/p><p>Puede evitar la instalaci\u00f3n de cookies configurando su navegador (consulte la Ayuda de su navegador para saber c\u00f3mo hacerlo). Tenga en cuenta que deshabilitar las cookies afectar\u00e1 la funcionalidad de este y muchos otros sitios web que visite. Deshabilitar las cookies generalmente tambi\u00e9n deshabilitar\u00e1 ciertas funciones y caracter\u00edsticas de este sitio. Por lo tanto, se recomienda no deshabilitar las cookies.\u00a0<\/p><p>\u00a0<\/p><p><strong>Las cookies que configuramos<\/strong><\/p><p>\u2212 Cookies relacionadas con los boletines informativos por correo electr\u00f3nico<\/p><p>Este sitio ofrece servicios de suscripci\u00f3n a boletines informativos o correo electr\u00f3nico y se pueden utilizar cookies para recordar si ya est\u00e1 registrado y si desea mostrar ciertas notificaciones que solo pueden ser v\u00e1lidas para usuarios suscritos o no suscritos.<\/p><p>\u2212 Cookies relacionadas con formularios<\/p><p>Cuando env\u00eda datos a trav\u00e9s de un formulario como los que se encuentran en las p\u00e1ginas de contacto o formularios de comentarios, se pueden configurar cookies para recordar sus datos de usuario para futura correspondencia.<\/p><p>\u00a0<\/p><p><strong>Cookies de terceros<\/strong><\/p><p>En algunos casos especiales, tambi\u00e9n utilizamos cookies de terceros de confianza. La siguiente secci\u00f3n detalla qu\u00e9 cookies de terceros podr\u00eda encontrar en este sitio.<\/p><p>Este sitio utiliza Google Analytics, una de las soluciones de an\u00e1lisis web m\u00e1s extendidas y fiables, para comprender c\u00f3mo utiliza el sitio y c\u00f3mo podemos mejorar su experiencia. Estas cookies pueden registrar datos como el tiempo que pasa en el sitio y las p\u00e1ginas que visita, para que podamos seguir creando contenido atractivo.<\/p><p>Para obtener m\u00e1s informaci\u00f3n sobre las cookies de Google Analytics, consulte la p\u00e1gina oficial de Google Analytics.<\/p><p>\u2212 De vez en cuando, probamos nuevas funciones y realizamos peque\u00f1os cambios en la forma en que se muestra el sitio. Mientras probamos nuevas funciones, podemos utilizar estas cookies para garantizar que disfrute de una experiencia consistente en el sitio, a la vez que nos aseguramos de comprender qu\u00e9 optimizaciones valoran m\u00e1s nuestros usuarios.<\/p><p>\u2212 Al vender productos, es importante que comprendamos las estad\u00edsticas sobre cu\u00e1ntos visitantes de nuestro sitio web realizan una compra. Por lo tanto, este es el tipo de datos que estas cookies registrar\u00e1n. Esto es importante para usted, ya que nos permite realizar predicciones comerciales precisas que nos permiten monitorear nuestros costos de publicidad y productos para garantizar el mejor precio posible.<\/p><p>\u2212 El servicio Google AdSense que utilizamos para mostrar publicidad utiliza una cookie de DoubleClick para mostrar anuncios m\u00e1s relevantes en la web y limitar la cantidad de veces que se le muestra un anuncio determinado.<\/p><p>Para obtener m\u00e1s informaci\u00f3n sobre Google AdSense, consulte las preguntas frecuentes oficiales sobre privacidad de Google AdSense.<\/p><p>\u2212 Utilizamos anuncios para compensar los costes de funcionamiento de este sitio y financiar su desarrollo. Las cookies de publicidad comportamental que utiliza este sitio est\u00e1n dise\u00f1adas para garantizar que le mostremos los anuncios m\u00e1s relevantes siempre que sea posible, rastreando an\u00f3nimamente sus intereses y presentando contenido similar que pueda ser de su inter\u00e9s.<\/p><p>\u2212 En este sitio tambi\u00e9n utilizamos botones y\/o plugins de redes sociales que le permiten conectarse con su red social de diversas maneras. Para su correcto funcionamiento, las siguientes redes sociales, incluyendo {\u00bfEnumere las redes sociales cuyas funciones ha integrado en su sitio?:12}, instalar\u00e1n cookies a trav\u00e9s de nuestro sitio que pueden utilizarse para mejorar su perfil en su sitio o para contribuir a los datos que conservan para diversos fines, descritos en sus respectivas pol\u00edticas de privacidad.<\/p><p>\u00a0<\/p><p><strong>M\u00e1s informaci\u00f3n<\/strong><\/p><p>Esperamos que esto haya aclarado las cosas para usted y, como se mencion\u00f3 anteriormente, si hay algo que no est\u00e1 seguro si necesita o no, generalmente es m\u00e1s seguro dejar las cookies habilitadas en caso de que interact\u00fae con una de las funciones que utiliza en nuestro sitio.<\/p><p>Para obtener informaci\u00f3n m\u00e1s general sobre las cookies, lea\u00a0<a href=\"https:\/\/www.generateprivacypolicy.com\/#cookies\">\u201cArt\u00edculo sobre cookies del Generador de Pol\u00edticas de Privacidad<\/a>.<\/p><p>Sin embargo, si a\u00fan buscas m\u00e1s informaci\u00f3n, puedes\u00a0<a href=\"https:\/\/noland.studio\/es\/contact\/\">Cont\u00e1ctanos<\/a>.<\/p>\t\t\t\t\t\t\t\t<\/div>\n\t\t\t\t<\/div>\n\t\t\t\t\t<\/div>\n\t\t\t\t<\/div>\n\t\t\t\t<\/div>","protected":false},"excerpt":{"rendered":"<p>Cookie Policy for Noland Studio What Are Cookies As is common practice with almost all professional websites this site uses cookies, which are tiny files that are downloaded to your computer, to improve your experience. This page describes what information they gather, how we use it and why we sometimes need to store these cookies. [&hellip;]<\/p>","protected":false},"author":1,"featured_media":0,"parent":0,"menu_order":10,"comment_status":"closed","ping_status":"closed","template":"elementor_header_footer","meta":{"_acf_changed":false,"footnotes":""},"class_list":["post-7405","page","type-page","status-publish","hentry"],"acf":[],"_links":{"self":[{"href":"https:\/\/noland.studio\/es\/wp-json\/wp\/v2\/pages\/7405","targetHints":{"allow":["GET"]}}],"collection":[{"href":"https:\/\/noland.studio\/es\/wp-json\/wp\/v2\/pages"}],"about":[{"href":"https:\/\/noland.studio\/es\/wp-json\/wp\/v2\/types\/page"}],"author":[{"embeddable":true,"href":"https:\/\/noland.studio\/es\/wp-json\/wp\/v2\/users\/1"}],"replies":[{"embeddable":true,"href":"https:\/\/noland.studio\/es\/wp-json\/wp\/v2\/comments?post=7405"}],"version-history":[{"count":7,"href":"https:\/\/noland.studio\/es\/wp-json\/wp\/v2\/pages\/7405\/revisions"}],"predecessor-version":[{"id":7412,"href":"https:\/\/noland.studio\/es\/wp-json\/wp\/v2\/pages\/7405\/revisions\/7412"}],"wp:attachment":[{"href":"https:\/\/noland.studio\/es\/wp-json\/wp\/v2\/media?parent=7405"}],"curies":[{"name":"wp","href":"https:\/\/api.w.org\/{rel}","templated":true}]}}