{"id":7413,"date":"2025-05-13T08:34:50","date_gmt":"2025-05-13T08:34:50","guid":{"rendered":"https:\/\/noland.studio\/?page_id=7413"},"modified":"2025-05-13T08:35:22","modified_gmt":"2025-05-13T08:35:22","slug":"disclaimer","status":"publish","type":"page","link":"https:\/\/noland.studio\/es\/disclaimer\/","title":{"rendered":"Descargo de responsabilidad"},"content":{"rendered":"<div data-elementor-type=\"wp-page\" data-elementor-id=\"7413\" class=\"elementor elementor-7413\" data-elementor-post-type=\"page\">\n\t\t\t\t<div class=\"elementor-element elementor-element-480eddc7 e-flex e-con-boxed e-con e-parent\" data-id=\"480eddc7\" data-element_type=\"container\" data-e-type=\"container\">\n\t\t\t\t\t<div class=\"e-con-inner\">\n\t\t\t\t<div class=\"elementor-element elementor-element-187c5868 elementor-widget elementor-widget-text-editor\" data-id=\"187c5868\" data-element_type=\"widget\" data-e-type=\"widget\" data-widget_type=\"text-editor.default\">\n\t\t\t\t<div class=\"elementor-widget-container\">\n\t\t\t\t\t\t\t\t\t<h1>Descargo de responsabilidad de Noland Studio<\/h1><p>Si necesita m\u00e1s informaci\u00f3n o tiene alguna pregunta sobre el descargo de responsabilidad de nuestro sitio, no dude en contactarnos por correo electr\u00f3nico a\u00a0<a href=\"mailto:aloha@noland.studio\">aloha@noland.studio<\/a>.<\/p><h2>Descargo de responsabilidad de noland.studio<\/h2><p>Toda la informaci\u00f3n en este sitio web \u2013\u00a0<a href=\"https:\/\/noland.studio\/es\/\">noland.studio<\/a>\u00a0\u2013 se publica de buena fe y solo con fines informativos. Noland Studio no garantiza la integridad, fiabilidad ni exactitud de esta informaci\u00f3n. Cualquier acci\u00f3n que realice con base en la informaci\u00f3n que encuentre en este sitio web es bajo su propio riesgo. Noland Studio no se responsabiliza de ninguna p\u00e9rdida o da\u00f1o relacionado con el uso de nuestro sitio web.<\/p><p>Desde nuestro sitio web, puede visitar otros sitios web siguiendo los hiperv\u00ednculos a dichos sitios externos. Si bien nos esforzamos por ofrecer \u00fanicamente enlaces de calidad a sitios web \u00fatiles y \u00e9ticos, no tenemos control sobre el contenido ni la naturaleza de estos sitios. Estos enlaces a otros sitios web no implican una recomendaci\u00f3n para todo el contenido que se encuentra en ellos. Los propietarios y el contenido de los sitios pueden cambiar sin previo aviso y esto puede ocurrir antes de que tengamos la oportunidad de eliminar un enlace que pueda haber fallado.<\/p><p>Tenga en cuenta que, al salir de nuestro sitio web, otros sitios podr\u00edan tener pol\u00edticas y t\u00e9rminos de privacidad diferentes que escapan a nuestro control. Aseg\u00farese de consultar las Pol\u00edticas de Privacidad de estos sitios, as\u00ed como sus &quot;T\u00e9rminos de Servicio&quot;, antes de realizar cualquier transacci\u00f3n o subir informaci\u00f3n.<\/p><h2>Consentir<\/h2><p>Al utilizar nuestro sitio web, usted acepta nuestro descargo de responsabilidad y sus t\u00e9rminos.<\/p><h2>Actualizar<\/h2><p>Si actualizamos, modificamos o realizamos alg\u00fan cambio en este documento, dichos cambios se publicar\u00e1n de forma destacada aqu\u00ed.<\/p>\t\t\t\t\t\t\t\t<\/div>\n\t\t\t\t<\/div>\n\t\t\t\t\t<\/div>\n\t\t\t\t<\/div>\n\t\t\t\t<\/div>","protected":false},"excerpt":{"rendered":"<p>Disclaimer for Noland Studio If you require any more information or have any questions about our site\u2019s disclaimer, please feel free to contact us by email at\u00a0aloha@noland.studio. Disclaimers for noland.studio All the information on this website \u2013\u00a0noland.studio\u00a0\u2013 is published in good faith and for general information purpose only. Noland Studio does not make any warranties [&hellip;]<\/p>","protected":false},"author":1,"featured_media":0,"parent":0,"menu_order":10,"comment_status":"closed","ping_status":"closed","template":"elementor_header_footer","meta":{"_acf_changed":false,"footnotes":""},"class_list":["post-7413","page","type-page","status-publish","hentry"],"acf":[],"_links":{"self":[{"href":"https:\/\/noland.studio\/es\/wp-json\/wp\/v2\/pages\/7413","targetHints":{"allow":["GET"]}}],"collection":[{"href":"https:\/\/noland.studio\/es\/wp-json\/wp\/v2\/pages"}],"about":[{"href":"https:\/\/noland.studio\/es\/wp-json\/wp\/v2\/types\/page"}],"author":[{"embeddable":true,"href":"https:\/\/noland.studio\/es\/wp-json\/wp\/v2\/users\/1"}],"replies":[{"embeddable":true,"href":"https:\/\/noland.studio\/es\/wp-json\/wp\/v2\/comments?post=7413"}],"version-history":[{"count":4,"href":"https:\/\/noland.studio\/es\/wp-json\/wp\/v2\/pages\/7413\/revisions"}],"predecessor-version":[{"id":7418,"href":"https:\/\/noland.studio\/es\/wp-json\/wp\/v2\/pages\/7413\/revisions\/7418"}],"wp:attachment":[{"href":"https:\/\/noland.studio\/es\/wp-json\/wp\/v2\/media?parent=7413"}],"curies":[{"name":"wp","href":"https:\/\/api.w.org\/{rel}","templated":true}]}}